{"id":1168,"date":"2020-10-19T15:55:56","date_gmt":"2020-10-19T13:55:56","guid":{"rendered":"https:\/\/apkarchitects.pl\/polityka-prywatnosci\/"},"modified":"2021-04-20T11:36:38","modified_gmt":"2021-04-20T09:36:38","slug":"privacy-policy","status":"publish","type":"page","link":"https:\/\/apkarchitects.pl\/en\/privacy-policy\/","title":{"rendered":"Privacy policy"},"content":{"rendered":"<h2>Definicje<\/h2>\n<ul>\n<li>Administrator \u2013 Atelier Pawe\u0142 Kobyla\u0144ski, ul. Kochanowskiego 18\/8, 60-846 Pozna\u0144.<\/li>\n<li>Dane osobowe \u2013 wszystkie informacje o&nbsp;osobie fizycznej zidentyfikowanej lub mo\u017cliwej do zidentyfikowania poprzez jeden b\u0105d\u017a kilka szczeg\u00f3lnych czynnik\u00f3w okre\u015blaj\u0105cych fizyczn\u0105, fizjologiczn\u0105, genetyczn\u0105, psychiczn\u0105, ekonomiczn\u0105, kulturow\u0105 lub spo\u0142eczn\u0105 to\u017csamo\u015b\u0107, w&nbsp;tym IP urz\u0105dzenia, dane o&nbsp;lokalizacji, identyfikator internetowy oraz informacje gromadzone za po\u015brednictwem plik\u00f3w cookie oraz innej podobnej technologii.<\/li>\n<li>Polityka \u2013 niniejsza Polityka prywatno\u015bci.<\/li>\n<li>RODO \u2013 Rozporz\u0105dzenie Parlamentu Europejskiego i&nbsp;Rady (UE) 2016\/679 z&nbsp;dnia 27 kwietnia 2016 r. w&nbsp;sprawie ochrony os\u00f3b fizycznych w&nbsp;zwi\u0105zku z&nbsp;przetwarzaniem danych osobowych i&nbsp;w&nbsp;sprawie swobodnego przep\u0142ywu takich danych oraz uchylenia dyrektywy 95\/46\/WE.<\/li>\n<li>Serwis \u2013 serwis internetowy prowadzony przez Administratora pod adresem https:\/\/apkarchitects.pl.<\/li>\n<li>U\u017cytkownik \u2013 ka\u017cda osoba fizyczna odwiedzaj\u0105ca Serwis.<\/li>\n<\/ul>\n<h2>Przetwarzanie danych<\/h2>\n<p>W zwi\u0105zku z&nbsp;korzystaniem przez U\u017cytkownika z&nbsp;Serwisu Administrator zbiera dane w&nbsp;zakresie niezb\u0119dnym do funkcjonowania Serwisu, a&nbsp;tak\u017ce informacje o&nbsp;aktywno\u015bci U\u017cytkownika w&nbsp;Serwisie.<\/p>\n<h3>Cele przetwarzania danych<\/h3>\n<p>Dane osobowe wszystkich os\u00f3b korzystaj\u0105cych z&nbsp;Serwisu (w tym adres IP lub inne identyfikatory oraz informacje gromadzone za po\u015brednictwem plik\u00f3w cookies lub innych podobnych technologii) s\u0105 przetwarzane przez Administratora. Dane s\u0105 przetwarzane w&nbsp;celu \u015bwiadczenia us\u0142ug drog\u0105 elektroniczn\u0105 w&nbsp;zakresie udost\u0119pniana U\u017cytkownikom tre\u015bci gromadzonych w&nbsp;Serwisie, udost\u0119pniania formularzy kontaktowych <em>(podstaw\u0105 prawn\u0105 przetwarzania jest niezb\u0119dno\u015b\u0107 przetwarzania do wykonania umowy \u2013 art. 6&nbsp;ust. 1&nbsp;lit. b&nbsp;RODO).<\/em> Dane s\u0105 przetwarzane w&nbsp;celach analitycznych i&nbsp;statystycznych <em>(podstaw\u0105 prawn\u0105 przetwarzania jest uzasadniony interes Administratora polegaj\u0105cy na prowadzeniu analiz aktywno\u015bci U\u017cytkownik\u00f3w, a&nbsp;tak\u017ce ich preferencji w&nbsp;celu poprawy stosowanych funkcjonalno\u015bci i&nbsp;\u015bwiadczonych us\u0142ug \u2013 art. 6&nbsp;ust. 1&nbsp;lit f&nbsp;RODO).<\/em> Dane s\u0105 przetwarzane w&nbsp;celu ewentualnego ustalenia i&nbsp;dochodzenia roszcze\u0144 lub obrony przed nimi <em>(podstaw\u0105 prawn\u0105 przetwarzania jest uzasadniony interes Administratora polegaj\u0105cy na ochronie jego praw \u2013 art. 6&nbsp;ust. 1&nbsp;lit f&nbsp;RODO).<\/em> Dane s\u0105 przetwarzane w&nbsp;przypadku kierowania do Administratora korespondencji e-mailowej lub drog\u0105 tradycyjn\u0105, niezwi\u0105zanej z&nbsp;us\u0142ugami \u015bwiadczonymi na rzecz nadawcy lub inn\u0105 zawart\u0105 z&nbsp;nim umow\u0105 <em>(podstaw\u0105 prawn\u0105 przetwarzania jest uzasadniony interes Administratora art. 6&nbsp;ust. 1&nbsp;lit f&nbsp;RODO, polegaj\u0105cy na prowadzeniu korespondencji kierowanej do niego w&nbsp;zwi\u0105zku z&nbsp;prowadzon\u0105 dzia\u0142alno\u015bci\u0105 gospodarcz\u0105.)<\/em> Dane s\u0105 przetwarzane w&nbsp;celach marketingowych Administratora. Administrator przetwarza dane osobowe U\u017cytkownik\u00f3w w&nbsp;celu realizowania dzia\u0142a\u0144 marketingowych, kt\u00f3re mog\u0105 polega\u0107 na:<\/p>\n<ul>\n<li>wy\u015bwietlaniu U\u017cytkownikowi tre\u015bci marketingowych, kt\u00f3re nie s\u0105 dostosowane do jego preferencji. Administrator przetwarza dane osobowe U\u017cytkownik\u00f3w dla cel\u00f3w marketingowych w&nbsp;zwi\u0105zku z&nbsp;kierowaniem do U\u017cytkownik\u00f3w reklamy kontekstowej (tj. reklamy, kt\u00f3ra nie jest dopasowana do preferencji U\u017cytkownika) \u2013<em> przetwarzanie danych osobowych odbywa si\u0119 w\u00f3wczas w&nbsp;zwi\u0105zku z&nbsp;realizacj\u0105 uzasadnionego interesu Administratora (art. 6&nbsp;ust. 1&nbsp;lit. f&nbsp;RODO).<\/em><\/li>\n<li>wy\u015bwietlaniu U\u017cytkownikowi tre\u015bci marketingowych odpowiadaj\u0105cych jego zainteresowaniom Administrator przetwarza dane osobowe U\u017cytkownik\u00f3w, w&nbsp;tym dane osobowe gromadzone za po\u015brednictwem plik\u00f3w cookies oraz innych podobnych technologii, dla cel\u00f3w marketingowych w&nbsp;zwi\u0105zku z&nbsp;kierowaniem do U\u017cytkownik\u00f3w reklamy behawioralnej (tj. reklamy, kt\u00f3ra jest dopasowana do preferencji U\u017cytkownika). Przetwarzanie danych osobowych obejmuje w\u00f3wczas tak\u017ce profilowanie U\u017cytkownik\u00f3w. Wykorzystanie zebranych za po\u015brednictwem tej technologii danych osobowych w&nbsp;celach marketingowych odbywa si\u0119 na podstawie uzasadnionego interesu administratora i&nbsp;tylko pod warunkiem, \u017ce U\u017cytkownik wyrazi\u0142 zgod\u0119 na wykorzystanie plik\u00f3w cookie. Zgoda na wykorzystanie plik\u00f3w cookie mo\u017ce by\u0107 wyra\u017cona poprzez odpowiedni\u0105 konfiguracj\u0119 przegl\u0105darki, a&nbsp;tak\u017ce mo\u017ce zosta\u0107 w&nbsp;ka\u017cdym momencie wycofana, w&nbsp;szczeg\u00f3lno\u015bci poprzez wyczyszczenie historii cookies oraz wy\u0142\u0105czenie obs\u0142ugi cookies w&nbsp;ustawieniach przegl\u0105darki. Zgoda ta mo\u017ce by\u0107 w&nbsp;ka\u017cdym momencie wycofana. Wi\u0119cej o&nbsp;<a href=\"https:\/\/apkarchitects.pl\/polityka-cookies\/\">polityce cookies<\/a>.<\/li>\n<li>kierowaniu e-mailowych powiadomie\u0144 o&nbsp;interesuj\u0105cych ofertach lub tre\u015bciach, kt\u00f3re w&nbsp;niekt\u00f3rych przypadkach zawieraj\u0105 informacje handlowe, prowadzenie innego rodzaju dzia\u0142a\u0144 zwi\u0105zanych z&nbsp;marketingiem bezpo\u015brednim towar\u00f3w i&nbsp;us\u0142ug (przesy\u0142anie informacji handlowych drog\u0105 elektroniczn\u0105 oraz dzia\u0142ania telemarketingowe).<\/li>\n<\/ul>\n<h3>Formularze kontaktowe<\/h3>\n<p>Administrator zapewnia mo\u017cliwo\u015b\u0107 skontaktowania si\u0119 z&nbsp;nim przy wykorzystaniu elektronicznych formularzy kontaktowych. Skorzystanie z&nbsp;formularza wymaga podania danych osobowych niezb\u0119dnych do skontaktowania si\u0119 z&nbsp;U\u017cytkownikiem i&nbsp;udzielenia odpowiedzi na zapytanie. U\u017cytkownik mo\u017ce poda\u0107 tak\u017ce inne dane w&nbsp;celu u\u0142atwienia kontaktu lub obs\u0142ugi zapytania. Podanie danych oznaczonych jako obowi\u0105zkowe jest wymagane w&nbsp;celu przyj\u0119cia i&nbsp;obs\u0142ugi zapytania, a&nbsp;ich niepodanie skutkuje brakiem mo\u017cliwo\u015bci obs\u0142ugi. Podanie pozosta\u0142ych danych jest dobrowolne. Dane osobowe s\u0105 przetwarzane:<\/p>\n<ul>\n<li>w celu identyfikacji nadawcy oraz obs\u0142ugi jego zapytania przes\u0142anego przez udost\u0119pniony formularz <em>(podstaw\u0105 prawn\u0105 przetwarzania jest niezb\u0119dno\u015b\u0107 przetwarzania do wykonania umowy o&nbsp;\u015bwiadczenie us\u0142ugi \u2013 art. 6&nbsp;ust. 1&nbsp;lit. b&nbsp;RODO);<\/em><\/li>\n<li>w celach analitycznych i&nbsp;statystycznych <em>(podstaw\u0105 prawn\u0105 przetwarzania jest uzasadniony interes Administratora polegaj\u0105cy na prowadzeniu statystyk zapyta\u0144 zg\u0142aszanych przez U\u017cytkownik\u00f3w za po\u015brednictwem Serwisu w&nbsp;celu doskonalenia jego funkcjonalno\u015bci \u2013 art. 6&nbsp;ust. 1&nbsp;lit. f&nbsp;RODO).<\/em><\/li>\n<\/ul>\n<h3>Portale spo\u0142eczno\u015bciowe<\/h3>\n<p>Administrator przetwarza dane osobowe U\u017cytkownik\u00f3w odwiedzaj\u0105cych profile Administratora prowadzone w&nbsp;mediach spo\u0142eczno\u015bciowych (Facebook, YouTube, Instagram, LinkedIn, Twitter, Google +, Pinterest). Dane te s\u0105 przetwarzane wy\u0142\u0105cznie w&nbsp;zwi\u0105zku z&nbsp;prowadzeniem profilu, w&nbsp;tym w&nbsp;celu informowania U\u017cytkownik\u00f3w o&nbsp;aktywno\u015bci Administratora oraz promowaniu r\u00f3\u017cnego rodzaju wydarze\u0144, us\u0142ug oraz produkt\u00f3w, a&nbsp;tak\u017ce w&nbsp;celu komunikacji z&nbsp;u\u017cytkownikami za po\u015brednictwem funkcjonalno\u015bci dost\u0119pnych w&nbsp;mediach spo\u0142eczno\u015bciowych <em>(podstaw\u0105 prawn\u0105 przetwarzania danych osobowych przez Administratora w&nbsp;tym celu jest jego uzasadniony interes art. 6&nbsp;ust. 1&nbsp;lit. f&nbsp;RODO polegaj\u0105cy na promowaniu w\u0142asnej marki oraz budowaniu i&nbsp;utrzymaniu spo\u0142eczno\u015bci zwi\u0105zanej z&nbsp;mark\u0105.)<\/em><\/p>\n<h2>Uprawnienia u\u017cytkownika<\/h2>\n<p>Osobom, kt\u00f3rych dane dotycz\u0105, przys\u0142uguj\u0105 nast\u0119puj\u0105ce prawa:<\/p>\n<ul>\n<li>Prawo do informacji o&nbsp;przetwarzaniu danych osobowych \u2013 na tej podstawie osobie zg\u0142aszaj\u0105cej takie \u017c\u0105danie Administrator przekazuje informacj\u0119 o&nbsp;przetwarzaniu danych osobowych, w&nbsp;tym przede wszystkim o&nbsp;celach i&nbsp;podstawach prawnych przetwarzania, zakresie posiadanych danych, podmiotach, kt\u00f3rym dane osobowe s\u0105 ujawniane i&nbsp;planowanym terminie ich usuni\u0119cia;<\/li>\n<li>Prawo uzyskania kopii danych \u2013 na tej podstawie Administrator przekazuje kopi\u0119 przetwarzanych danych, dotycz\u0105cych osoby zg\u0142aszaj\u0105cej \u017c\u0105danie;<\/li>\n<li>Prawo do sprostowania \u2013 na tej podstawie Administrator usuwa ewentualne niezgodno\u015bci lub b\u0142\u0119dy dotycz\u0105ce przetwarzanych danych osobowych, oraz uzupe\u0142nia je lub aktualizuje, je\u015bli s\u0105 niekompletne lub uleg\u0142y zmianie;<\/li>\n<li>Prawo do usuni\u0119cia danych \u2013 na tej podstawie mo\u017cna \u017c\u0105da\u0107 usuni\u0119cia danych, kt\u00f3rych przetwarzanie nie jest ju\u017c niezb\u0119dne do realizowania \u017cadnego z&nbsp;cel\u00f3w, dla kt\u00f3rych zosta\u0142y zebrane;<\/li>\n<li>Prawo do ograniczenia przetwarzania \u2013 na tej podstawie Administrator zaprzestaje dokonywania operacji na danych osobowych, z&nbsp;wyj\u0105tkiem operacji, na kt\u00f3re wyrazi\u0142a zgod\u0119 osoba, kt\u00f3rej dane dotycz\u0105 oraz ich przechowywania, zgodnie z&nbsp;przyj\u0119tymi zasadami retencji, lub dop\u00f3ki nie ustan\u0105 przyczyny ograniczenia przetwarzania danych (np. zostanie wydana decyzji organu nadzorczego, zezwalaj\u0105ca na dalsze przetwarzanie danych);<\/li>\n<li>Prawo do przenoszenia danych \u2013 na tej podstawie, w&nbsp;zakresie w&nbsp;jakim dane s\u0105 przetwarzane w&nbsp;zwi\u0105zku z&nbsp;zawart\u0105 umow\u0105 lub wyra\u017con\u0105 zgod\u0105, Administrator wydaje dane dostarczone przez osob\u0119, kt\u00f3rej one dotycz\u0105, w&nbsp;formacie pozwalaj\u0105cym na ich odczyt przez komputer. Mo\u017cliwe jest tak\u017ce za\u017c\u0105danie przes\u0142ania tych danych innemu podmiotowi \u2013 jednak pod warunkiem, \u017ce istniej\u0105 w&nbsp;tym zakresie techniczne mo\u017cliwo\u015bci zar\u00f3wno po stronie Administratora jak i&nbsp;tego innego podmiotu;<\/li>\n<li>Prawo sprzeciwu wobec przetwarzania danych w&nbsp;celach marketingowych \u2013 osoba, kt\u00f3rej dane dotycz\u0105, mo\u017ce w&nbsp;ka\u017cdym czasie sprzeciwi\u0107 si\u0119 przetwarzaniu danych osobowych w&nbsp;celach marketingowych, bez konieczno\u015bci uzasadnienia takiego sprzeciwu;<\/li>\n<li>Prawo sprzeciwu wobec innych cel\u00f3w przetwarzania danych \u2013 osoba, kt\u00f3rej dane dotycz\u0105, mo\u017ce w&nbsp;ka\u017cdym czasie sprzeciwi\u0107 si\u0119 przetwarzaniu danych osobowych na podstawie uzasadnionego interesu Administratora (np. dla cel\u00f3w analitycznych lub statystycznych lub ze wzgl\u0119d\u00f3w zwi\u0105zanych z&nbsp;ochron\u0105 mienia). Sprzeciw w&nbsp;tym zakresie powinien zawiera\u0107 uzasadnienie oraz podlega ocenie Administratora;<\/li>\n<li>Prawo wycofania zgody \u2013 je\u015bli dane przetwarzane s\u0105 na podstawie zgody osoba, kt\u00f3rej dane dotycz\u0105, ma prawo j\u0105 wycofa\u0107 w&nbsp;dowolnym momencie, co jednak nie wp\u0142ywa na zgodno\u015b\u0107 z&nbsp;prawem przetwarzania dokonanego przed wycofaniem tej zgody;<\/li>\n<li>Prawo do skargi \u2013 w&nbsp;przypadku uznania, \u017ce przetwarzanie danych osobowych narusza przepisy RODO lub inne przepisy dotycz\u0105ce ochrony danych osobowych, osoba, kt\u00f3rej dane dotycz\u0105, mo\u017ce z\u0142o\u017cy\u0107 skarg\u0119 do Prezesa Urz\u0119du Ochrony Danych Osobowych.<\/li>\n<\/ul>\n<p>Wniosek dotycz\u0105cy realizacji praw podmiot\u00f3w danych, mo\u017cna z\u0142o\u017cy\u0107:<\/p>\n<ul>\n<li>w formie pisemnej na adres: Atelier Pawe\u0142 Kobyla\u0144ski, ul. Kochanowskiego 18\/8, 60-846 Pozna\u0144<\/li>\n<li>za pomoc\u0105 <a href=\"https:\/\/apkarchitects.pl\/kontakt\/\">formularza kontaktowego<\/a><\/li>\n<\/ul>\n<p>Wniosek powinien w&nbsp;miar\u0119 mo\u017cliwo\u015bci precyzyjnie wskazywa\u0107, czego dotyczy \u017c\u0105danie, tj. w&nbsp;szczeg\u00f3lno\u015bci:<\/p>\n<ul>\n<li>z jakiego uprawnienia chce skorzysta\u0107 osoba sk\u0142adaj\u0105ca wniosek (np. prawo do otrzymania kopii danych, prawo do usuni\u0119cia danych, itd.);<\/li>\n<li>jakiego procesu przetwarzania dotyczy \u017c\u0105danie (np. korzystanie z&nbsp;okre\u015blonej us\u0142ugi, aktywno\u015b\u0107 w&nbsp;okre\u015blonym serwisie internetowym, otrzymywanie newslettera zawieraj\u0105cego informacje handlowe na okre\u015blony adres email, itp.);<\/li>\n<li>jakich cel\u00f3w przetwarzania dotyczy \u017c\u0105danie (np. cele marketingowe, cele analityczne, itp.).<\/li>\n<\/ul>\n<p>Je\u017celi Administrator nie b\u0119dzie w&nbsp;stanie ustali\u0107 tre\u015bci \u017c\u0105dania lub zidentyfikowa\u0107 osoby sk\u0142adaj\u0105cej wniosek w&nbsp;oparciu o&nbsp;dokonane zg\u0142oszenie, zwr\u00f3ci si\u0119 do wnioskodawcy o&nbsp;dodatkowe informacje. Odpowied\u017a na zg\u0142oszenia zostanie udzielona w&nbsp;ci\u0105gu miesi\u0105ca od jego otrzymania. W&nbsp;razie konieczno\u015bci przed\u0142u\u017cenia tego terminu, Administrator poinformuje wnioskodawc\u0119 o&nbsp;przyczynach takiego przed\u0142u\u017cenia. Odpowied\u017a b\u0119dzie udzielana na adres e-mail z&nbsp;kt\u00f3rego przes\u0142ano wniosek, a&nbsp;w&nbsp;przypadku wniosk\u00f3w skierowanych listownie, listem zwyk\u0142ym na adres wskazany przez wnioskodawc\u0119, o&nbsp;ile z&nbsp;tre\u015bci listu nie b\u0119dzie wynika\u0142a ch\u0119\u0107 otrzymania informacji zwrotnej na adres e-mail (w takim przypadku nale\u017cy poda\u0107 adres e-mail).<\/p>\n<h2>Odbiorcy danych osobowych<\/h2>\n<p>Tylko administrator.<\/p>\n<h2>Bezpiecze\u0144stwo danych osobowych<\/h2>\n<p>Administrator na bie\u017c\u0105co prowadzi analiz\u0119 ryzyka w&nbsp;celu zapewnienia, \u017ce dane osobowe przetwarzane s\u0105 przez niego w&nbsp;spos\u00f3b bezpieczny \u2013 zapewniaj\u0105cy przede wszystkim, \u017ce dost\u0119p do danych maj\u0105 jedynie osoby upowa\u017cnione i&nbsp;jedynie w&nbsp;zakresie, w&nbsp;jakim jest to niezb\u0119dne ze wzgl\u0119du na wykonywane przez nie zadania. Administrator dba o&nbsp;to, by wszystkie operacje na danych osobowych by\u0142y rejestrowane i&nbsp;dokonywane jedynie przez uprawnionych pracownik\u00f3w i&nbsp;wsp\u00f3\u0142pracownik\u00f3w. Administrator podejmuje wszelkie niezb\u0119dne dzia\u0142ania, by tak\u017ce jego podwykonawcy i&nbsp;inne podmioty wsp\u00f3\u0142pracuj\u0105ce dawa\u0142y gwarancj\u0119 stosowania odpowiednich \u015brodk\u00f3w bezpiecze\u0144stwa w&nbsp;ka\u017cdym przypadku, gdy przetwarzaj\u0105 dane osobowe na zlecenie Administratora.<\/p>\n<h2>Dane kontaktowe<\/h2>\n<p>Kontakt z&nbsp;Administratorem jest mo\u017cliwy za pomoc\u0105 <a href=\"https:\/\/apkarchitects.pl\/kontakt\/\">formularza kontaktowego<\/a> lub adresu korespondencyjnego Atelier Pawe\u0142 Kobyla\u0144ski, ul. Kochanowskiego 18\/8, 60-846 Pozna\u0144.<\/p>\n<h2>Zmiana polityki prywatno\u015bci<\/h2>\n<p>Polityka jest na bie\u017c\u0105co weryfikowana i&nbsp;w&nbsp;razie potrzeby aktualizowana.<\/p>\n","protected":false},"excerpt":{"rendered":"<p>Definicje Administrator \u2013 ,&nbsp;,&nbsp; . Dane osobowe \u2013 wszystkie informacje o&nbsp;osobie fizycznej zidentyfikowanej lub mo\u017cliwej do zidentyfikowania poprzez jeden b\u0105d\u017a kilka szczeg\u00f3lnych czynnik\u00f3w okre\u015blaj\u0105cych fizyczn\u0105, fizjologiczn\u0105, genetyczn\u0105, psychiczn\u0105, ekonomiczn\u0105, kulturow\u0105 lub spo\u0142eczn\u0105 to\u017csamo\u015b\u0107, w&nbsp;tym IP urz\u0105dzenia, dane o&nbsp;lokalizacji, identyfikator internetowy oraz informacje gromadzone za po\u015brednictwem plik\u00f3w cookie oraz innej podobnej technologii. Polityka \u2013 niniejsza Polityka [&hellip;]<\/p>\n","protected":false},"author":1,"featured_media":0,"parent":0,"menu_order":0,"comment_status":"closed","ping_status":"closed","template":"","meta":[],"_links":{"self":[{"href":"https:\/\/apkarchitects.pl\/en\/wp-json\/wp\/v2\/pages\/1168"}],"collection":[{"href":"https:\/\/apkarchitects.pl\/en\/wp-json\/wp\/v2\/pages"}],"about":[{"href":"https:\/\/apkarchitects.pl\/en\/wp-json\/wp\/v2\/types\/page"}],"author":[{"embeddable":true,"href":"https:\/\/apkarchitects.pl\/en\/wp-json\/wp\/v2\/users\/1"}],"replies":[{"embeddable":true,"href":"https:\/\/apkarchitects.pl\/en\/wp-json\/wp\/v2\/comments?post=1168"}],"version-history":[{"count":1,"href":"https:\/\/apkarchitects.pl\/en\/wp-json\/wp\/v2\/pages\/1168\/revisions"}],"predecessor-version":[{"id":1169,"href":"https:\/\/apkarchitects.pl\/en\/wp-json\/wp\/v2\/pages\/1168\/revisions\/1169"}],"wp:attachment":[{"href":"https:\/\/apkarchitects.pl\/en\/wp-json\/wp\/v2\/media?parent=1168"}],"curies":[{"name":"wp","href":"https:\/\/api.w.org\/{rel}","templated":true}]}}